{"id":2561,"date":"2025-03-12T10:02:42","date_gmt":"2025-03-12T09:02:42","guid":{"rendered":"https:\/\/events.lewine.be\/product\/riedel-wine-glass-experience-pour-les-professionals-riedel-veloce-tasting-set\/"},"modified":"2026-04-23T14:48:35","modified_gmt":"2026-04-23T12:48:35","slug":"riedel-wine-glass-experience-pour-les-professionnels","status":"publish","type":"product","link":"https:\/\/events.lewine.be\/fr\/produit\/riedel-wine-glass-experience-pour-les-professionnels\/","title":{"rendered":"RIEDEL wine glass experience pour professionnels + RIEDEL Performance Tasting Set"},"content":{"rendered":"\t\t<div data-elementor-type=\"product-post\" data-elementor-id=\"2561\" class=\"elementor elementor-2561 elementor-2539\" data-elementor-post-type=\"product\">\n\t\t\t\t<div class=\"elementor-element elementor-element-d06c91d e-con-full animated-slow e-flex e-con e-parent\" data-id=\"d06c91d\" data-element_type=\"container\" data-e-type=\"container\" data-settings=\"{&quot;jet_parallax_layout_list&quot;:[],&quot;background_background&quot;:&quot;classic&quot;,&quot;animation&quot;:&quot;none&quot;,&quot;animation_delay&quot;:100}\" book=\"\">\n\t\t<div class=\"elementor-element elementor-element-436fc81 e-con-full elementor-hidden-mobile e-flex e-con e-child\" data-id=\"436fc81\" data-element_type=\"container\" data-e-type=\"container\" data-settings=\"{&quot;background_background&quot;:&quot;classic&quot;,&quot;jet_parallax_layout_list&quot;:[]}\">\n\t\t\t\t<\/div>\n\t\t<div class=\"elementor-element elementor-element-b947285 e-con-full e-flex e-con e-child\" data-id=\"b947285\" data-element_type=\"container\" data-e-type=\"container\" data-settings=\"{&quot;background_background&quot;:&quot;classic&quot;,&quot;jet_parallax_layout_list&quot;:[]}\">\n\t\t\t\t<div class=\"elementor-element elementor-element-872efef animated-slow elementor-invisible elementor-widget elementor-widget-image\" data-id=\"872efef\" data-element_type=\"widget\" data-e-type=\"widget\" data-settings=\"{&quot;_animation&quot;:&quot;fadeIn&quot;,&quot;_animation_delay&quot;:100}\" data-widget_type=\"image.default\">\n\t\t\t\t<div class=\"elementor-widget-container\">\n\t\t\t\t\t\t\t\t\t\t\t\t\t\t\t<img fetchpriority=\"high\" decoding=\"async\" width=\"800\" height=\"620\" src=\"https:\/\/events.lewine.be\/wp-content\/uploads\/2024\/11\/Riedel-Logo-gvs_whiteeps-1024x794.png\" class=\"attachment-large size-large wp-image-2220\" alt=\"\" srcset=\"https:\/\/events.lewine.be\/wp-content\/uploads\/2024\/11\/Riedel-Logo-gvs_whiteeps-1024x794.png 1024w, https:\/\/events.lewine.be\/wp-content\/uploads\/2024\/11\/Riedel-Logo-gvs_whiteeps-300x233.png 300w, https:\/\/events.lewine.be\/wp-content\/uploads\/2024\/11\/Riedel-Logo-gvs_whiteeps-768x595.png 768w, https:\/\/events.lewine.be\/wp-content\/uploads\/2024\/11\/Riedel-Logo-gvs_whiteeps-1536x1191.png 1536w, https:\/\/events.lewine.be\/wp-content\/uploads\/2024\/11\/Riedel-Logo-gvs_whiteeps-600x465.png 600w, https:\/\/events.lewine.be\/wp-content\/uploads\/2024\/11\/Riedel-Logo-gvs_whiteeps.png 1945w\" sizes=\"(max-width: 800px) 100vw, 800px\" \/>\t\t\t\t\t\t\t\t\t\t\t\t\t\t\t<\/div>\n\t\t\t\t<\/div>\n\t\t\t\t<div class=\"elementor-element elementor-element-be9a230 elementor-invisible elementor-widget elementor-widget-heading\" data-id=\"be9a230\" data-element_type=\"widget\" data-e-type=\"widget\" data-settings=\"{&quot;_animation&quot;:&quot;fadeIn&quot;}\" data-widget_type=\"heading.default\">\n\t\t\t\t<div class=\"elementor-widget-container\">\n\t\t\t\t\t<h2 class=\"elementor-heading-title elementor-size-default\">WINE GLASS<br>EXPERIENCE<\/h2>\t\t\t\t<\/div>\n\t\t\t\t<\/div>\n\t\t\t\t<div class=\"elementor-element elementor-element-d1b60fd animated-slow elementor-invisible elementor-widget elementor-widget-image\" data-id=\"d1b60fd\" data-element_type=\"widget\" data-e-type=\"widget\" data-settings=\"{&quot;_animation&quot;:&quot;fadeIn&quot;,&quot;_animation_delay&quot;:400}\" data-widget_type=\"image.default\">\n\t\t\t\t<div class=\"elementor-widget-container\">\n\t\t\t\t\t\t\t\t\t\t\t\t\t\t\t<img decoding=\"async\" width=\"800\" height=\"800\" src=\"https:\/\/events.lewine.be\/wp-content\/uploads\/2025\/03\/MIRAVAL-PARTY-BENELUX-2025-1024x1024.png\" class=\"attachment-large size-large wp-image-2659\" alt=\"\" srcset=\"https:\/\/events.lewine.be\/wp-content\/uploads\/2025\/03\/MIRAVAL-PARTY-BENELUX-2025-1024x1024.png 1024w, https:\/\/events.lewine.be\/wp-content\/uploads\/2025\/03\/MIRAVAL-PARTY-BENELUX-2025-300x300.png 300w, https:\/\/events.lewine.be\/wp-content\/uploads\/2025\/03\/MIRAVAL-PARTY-BENELUX-2025-150x150.png 150w, https:\/\/events.lewine.be\/wp-content\/uploads\/2025\/03\/MIRAVAL-PARTY-BENELUX-2025-768x768.png 768w, https:\/\/events.lewine.be\/wp-content\/uploads\/2025\/03\/MIRAVAL-PARTY-BENELUX-2025-1536x1536.png 1536w, https:\/\/events.lewine.be\/wp-content\/uploads\/2025\/03\/MIRAVAL-PARTY-BENELUX-2025-600x600.png 600w, https:\/\/events.lewine.be\/wp-content\/uploads\/2025\/03\/MIRAVAL-PARTY-BENELUX-2025-100x100.png 100w, https:\/\/events.lewine.be\/wp-content\/uploads\/2025\/03\/MIRAVAL-PARTY-BENELUX-2025.png 1654w\" sizes=\"(max-width: 800px) 100vw, 800px\" \/>\t\t\t\t\t\t\t\t\t\t\t\t\t\t\t<\/div>\n\t\t\t\t<\/div>\n\t\t\t\t<div class=\"elementor-element elementor-element-6991620 elementor-invisible elementor-widget elementor-widget-heading\" data-id=\"6991620\" data-element_type=\"widget\" data-e-type=\"widget\" data-settings=\"{&quot;_animation&quot;:&quot;bounce&quot;}\" data-widget_type=\"heading.default\">\n\t\t\t\t<div class=\"elementor-widget-container\">\n\t\t\t\t\t<h2 class=\"elementor-heading-title elementor-size-default\"><b>POUR PROFESSIONNELS<\/b><\/h2>\t\t\t\t<\/div>\n\t\t\t\t<\/div>\n\t\t\t\t<div class=\"elementor-element elementor-element-32a2df1 scroll-down elementor-invisible elementor-widget elementor-widget-button\" data-id=\"32a2df1\" data-element_type=\"widget\" data-e-type=\"widget\" data-settings=\"{&quot;_animation&quot;:&quot;fadeIn&quot;,&quot;_animation_delay&quot;:1200}\" data-widget_type=\"button.default\">\n\t\t\t\t<div class=\"elementor-widget-container\">\n\t\t\t\t\t\t\t\t\t<div class=\"elementor-button-wrapper\">\n\t\t\t\t\t<a class=\"elementor-button elementor-button-link elementor-size-sm\" href=\"#book\">\n\t\t\t\t\t\t<span class=\"elementor-button-content-wrapper\">\n\t\t\t\t\t\t<span class=\"elementor-button-icon\">\n\t\t\t\t<svg xmlns=\"http:\/\/www.w3.org\/2000\/svg\" width=\"16\" height=\"21\" viewBox=\"0 0 16 21\" fill=\"none\"><path d=\"M13.6534 13.0069L7.82673 18.8336L2.00002 13.0068\" stroke=\"#E8E6E6\" stroke-width=\"2\" stroke-linecap=\"square\"><\/path><path d=\"M7.82672 1L7.82672 17.4804\" stroke=\"#E8E6E6\" stroke-width=\"2\" stroke-linecap=\"square\" stroke-linejoin=\"round\"><\/path><\/svg>\t\t\t<\/span>\n\t\t\t\t\t\t\t\t\t<span class=\"elementor-button-text\">D\u00e9couvrez tout sur le sujet<\/span>\n\t\t\t\t\t<\/span>\n\t\t\t\t\t<\/a>\n\t\t\t\t<\/div>\n\t\t\t\t\t\t\t\t<\/div>\n\t\t\t\t<\/div>\n\t\t\t\t<\/div>\n\t\t\t\t<\/div>\n\t\t<div class=\"elementor-element elementor-element-8e3942c e-con-full animated-slow e-flex elementor-invisible e-con e-parent\" data-id=\"8e3942c\" data-element_type=\"container\" data-e-type=\"container\" data-settings=\"{&quot;jet_parallax_layout_list&quot;:[],&quot;background_background&quot;:&quot;classic&quot;,&quot;animation&quot;:&quot;fadeInUp&quot;,&quot;animation_delay&quot;:100}\" book=\"\">\n\t\t<div class=\"elementor-element elementor-element-10a7fdf e-con-full e-flex e-con e-child\" data-id=\"10a7fdf\" data-element_type=\"container\" data-e-type=\"container\" data-settings=\"{&quot;jet_parallax_layout_list&quot;:[]}\">\n\t\t\t\t<div class=\"elementor-element elementor-element-837a543 elementor-widget elementor-widget-heading\" data-id=\"837a543\" data-element_type=\"widget\" data-e-type=\"widget\" data-widget_type=\"heading.default\">\n\t\t\t\t<div class=\"elementor-widget-container\">\n\t\t\t\t\t<h2 class=\"elementor-heading-title elementor-size-default\">Participez \u00e0 l'incontournable RIEDEL WINE GLASS EXPERIENCE avec Maximilian J. Riedel en personne\u202f!<\/h2>\t\t\t\t<\/div>\n\t\t\t\t<\/div>\n\t\t\t\t<div class=\"elementor-element elementor-element-ab34167 elementor-widget elementor-widget-text-editor\" data-id=\"ab34167\" data-element_type=\"widget\" data-e-type=\"widget\" data-widget_type=\"text-editor.default\">\n\t\t\t\t<div class=\"elementor-widget-container\">\n\t\t\t\t\t\t\t\t\t<p>Le Wine vous convie \u00e0 une d\u00e9gustation exceptionnelle mettant \u00e0 l&rsquo;honneur la verrerie RIEDEL.<\/p><p><em><span class=\"TextRun SCXW88855877 BCX0\" lang=\"NL-BE\" xml:lang=\"NL-BE\" data-contrast=\"auto\"><span class=\"NormalTextRun SCXW88855877 BCX0\">Lundi 22 juin \u00e0 15h \u00e0 Bruxelles<\/span><\/span><span class=\"EOP SCXW88855877 BCX0\" data-ccp-props=\"{}\"> <\/span><\/em><\/p><p>Vivez une exp\u00e9rience sensorielle unique en compagnie de la 11\u00e8me g\u00e9n\u00e9ration de la famille Riedel et CEO de ce leader mondial. Cette Masterclass exclusive, con\u00e7ue pour les professionnels du vin, mettra en lumi\u00e8re l&rsquo;impact d\u00e9cisif du verre sur l&rsquo;expression aromatique et gustative de chaque vin. <br>D\u00e9couvrez comment la s\u00e9rie RIEDEL Veloce r\u00e9ussit \u00e0 d\u00e9bloquer le potentiel de chaque vin, mettant en valeur son c\u00e9page et ses caract\u00e9ristiques uniques.  <\/p><p>Au programme de cette d\u00e9gustation interactive :<br>\ud83c\udf77<span class=\"TextRun SCXW27843446 BCX2\" lang=\"NL-BE\" data-contrast=\"auto\" xml:lang=\"NL-BE\"> <span class=\"NormalTextRun SCXW27843446 BCX2\"><span class=\"NormalTextRun SCXW27843446 BCX2\">Performance\u202fRiesling\u202f<\/span><\/span><\/span><span class=\"LineBreakBlob BlobObject DragDrop SCXW27843446 BCX2\"><span class=\"SCXW27843446 BCX2\"> <\/span><br class=\"SCXW27843446 BCX2\"><\/span><span class=\"TextRun SCXW27843446 BCX2\" lang=\"NL-BE\" xml:lang=\"NL-BE\" data-contrast=\"auto\"><span class=\"NormalTextRun SCXW27843446 BCX2\">\ud83c\udf77 <\/span><\/span><span class=\"TextRun SCXW27843446 BCX2\" lang=\"NL-BE\" xml:lang=\"NL-BE\" data-contrast=\"auto\"><span class=\"NormalTextRun SCXW27843446 BCX2\">Performance<\/span><span class=\"NormalTextRun SCXW27843446 BCX2\">\u202f<\/span><span class=\"NormalTextRun SCXW27843446 BCX2\">Chardonnay<\/span><\/span><span class=\"LineBreakBlob BlobObject DragDrop SCXW27843446 BCX2\"><span class=\"SCXW27843446 BCX2\"> <\/span><br class=\"SCXW27843446 BCX2\"><\/span><span class=\"TextRun SCXW27843446 BCX2\" lang=\"NL-BE\" xml:lang=\"NL-BE\" data-contrast=\"auto\"><span class=\"NormalTextRun SCXW27843446 BCX2\">\ud83c\udf77 <\/span><\/span><span class=\"TextRun SCXW27843446 BCX2\" lang=\"NL-BE\" xml:lang=\"NL-BE\" data-contrast=\"auto\"><span class=\"NormalTextRun SCXW27843446 BCX2\">Performance<\/span><span class=\"NormalTextRun SCXW27843446 BCX2\">\u202fPinot <\/span><span class=\"NormalTextRun SpellingErrorV2Themed SCXW27843446 BCX2\">Noir<\/span><span class=\"NormalTextRun SCXW27843446 BCX2\">\u202f<\/span><\/span><span class=\"LineBreakBlob BlobObject DragDrop SCXW27843446 BCX2\"><span class=\"SCXW27843446 BCX2\"> <\/span><br class=\"SCXW27843446 BCX2\"><\/span><span class=\"TextRun SCXW27843446 BCX2\" lang=\"NL-BE\" xml:lang=\"NL-BE\" data-contrast=\"auto\"><span class=\"NormalTextRun SCXW27843446 BCX2\">\ud83c\udf77 <\/span><\/span><span class=\"TextRun SCXW27843446 BCX2\" lang=\"NL-BE\" xml:lang=\"NL-BE\" data-contrast=\"auto\"><span class=\"NormalTextRun SCXW27843446 BCX2\">Performance<\/span><span class=\"NormalTextRun SCXW27843446 BCX2\">\u202f<\/span><span class=\"NormalTextRun SpellingErrorV2Themed SCXW27843446 BCX2\">Syrah<\/span><span class=\"NormalTextRun SCXW27843446 BCX2\">\u202f<\/span><\/span><\/p>\t\t\t\t\t\t\t\t<\/div>\n\t\t\t\t<\/div>\n\t\t\t\t<div class=\"elementor-element elementor-element-40f3f48 elementor-widget elementor-widget-heading\" data-id=\"40f3f48\" data-element_type=\"widget\" data-e-type=\"widget\" data-widget_type=\"heading.default\">\n\t\t\t\t<div class=\"elementor-widget-container\">\n\t\t\t\t\t<h2 class=\"elementor-heading-title elementor-size-default\">Informations pratiques<\/h2>\t\t\t\t<\/div>\n\t\t\t\t<\/div>\n\t\t\t\t<div class=\"elementor-element elementor-element-2007901 elementor-widget elementor-widget-text-editor\" data-id=\"2007901\" data-element_type=\"widget\" data-e-type=\"widget\" data-widget_type=\"text-editor.default\">\n\t\t\t\t<div class=\"elementor-widget-container\">\n\t\t\t\t\t\t\t\t\t<p><b><span data-contrast=\"auto\"><span data-contrast=\"auto\">Lundi 22 juin, de 15h00 \u00e0 16h30 <\/span><\/span><\/b><span data-ccp-props=\"{}\"> <\/span><\/p><p><b><span data-contrast=\"auto\">Lieu:<\/span><\/b><br><a href=\"https:\/\/www.google.com\/maps\/dir\/\/Brussels+Marriott+Hotel+Grote+Markt,+Rue+Auguste+Orts+3-7,+1000+Brussel\/@50.8551227,4.3754166,12z\/data=!4m8!4m7!1m0!1m5!1m1!1s0x47c3c3879ca8e709:0x7f93d74a17ef8e60!2m2!1d4.3489816!2d50.8487418?hl=nl-BE&amp;entry=ttu&amp;g_ep=EgoyMDI2MDQxNS4wIKXMDSoASAFQAw%3D%3D\" target=\"_blank\" rel=\"noopener\"><span data-contrast=\"auto\"><span class=\"TextRun SCXW203515944 BCX2\" lang=\"NL-BE\" xml:lang=\"NL-BE\" data-contrast=\"auto\"><span class=\"NormalTextRun SCXW203515944 BCX2\">Marriott Hotel Bruxelles Grand Place<\/span><\/span><span class=\"LineBreakBlob BlobObject DragDrop SCXW203515944 BCX2\"><span class=\"SCXW203515944 BCX2\"> <\/span><br class=\"SCXW203515944 BCX2\"><\/span><span class=\"TextRun SCXW203515944 BCX2\" lang=\"NL-BE\" xml:lang=\"NL-BE\" data-contrast=\"auto\"><span class=\"NormalTextRun SCXW203515944 BCX2\"><span class=\"NormalTextRun SpellingErrorV2Themed SCXW203515944 BCX2\"><span class=\"NormalTextRun SCXW203515944 BCX2\"><span class=\"NormalTextRun SCXW203515944 BCX2\">Rue Auguste Orts 3 \u2013 7<\/span><\/span><\/span><\/span><\/span><span class=\"LineBreakBlob BlobObject DragDrop SCXW203515944 BCX2\"><span class=\"SCXW203515944 BCX2\"> <\/span><br class=\"SCXW203515944 BCX2\"><\/span><span class=\"TextRun SCXW203515944 BCX2\" lang=\"NL-BE\" xml:lang=\"NL-BE\" data-contrast=\"auto\"><span class=\"NormalTextRun SCXW203515944 BCX2\">1000 Bruxelles<\/span><\/span><\/span><\/a><\/p><p><b><span data-contrast=\"auto\"><span data-contrast=\"auto\">Prix de l\u2019exp\u00e9rience : <br><\/span><\/span><\/b><span data-contrast=\"auto\">Pr\u00e9vente jusq&rsquo;au 31 mai: <span style=\"text-decoration: underline;\">50 euros par personne<\/span> <\/span><br><span data-contrast=\"auto\">\u00c0 partir du 1 juin: <span style=\"text-decoration: underline;\">75 euros par personne<\/span><\/span><span style=\"text-decoration: underline;\"> <\/span><\/p><p><span data-contrast=\"auto\">Pas seulement une question d\u2019esth\u00e9tique, le choix du verre est la cl\u00e9 pour une exp\u00e9rience de d\u00e9gustation r\u00e9ussie et m\u00e9morable. Un investissement indispensable pour prolonger le plaisir dans le verre de vos clients.<\/span><span data-ccp-props=\"{}\"> <\/span><\/p><p>\ud83c\udf81 Bonus exclusif : en r\u00e9servant votre place, repartez avec un set de d\u00e9gustation RIEDEL Performance d&rsquo;une valeur de 119 \u20ac, pour prolonger l&rsquo;exp\u00e9rience \u00e0 la maison.<span style=\"color: var( --e-global-color-primary ); font-family: var( --e-global-typography-text-font-family ), Sans-serif; font-weight: var( --e-global-typography-text-font-weight ); text-align: var(--text-align); font-size: 1rem;\" data-ccp-props=\"{}\"> <\/span><\/p><ul><li data-leveltext=\"\uf0b7\" data-font=\"Symbol\" data-listid=\"1\" data-list-defn-props=\"{\"335552541\":1,\"335559683\":0,\"335559684\":-2,\"335559685\":720,\"335559991\":360,\"469769226\":\"Symbol\",\"469769242\":[8226],\"469777803\":\"left\",\"469777804\":\"\uf0b7\",\"469777815\":\"hybridMultilevel\"}\" aria-setsize=\"-1\" data-aria-posinset=\"1\" data-aria-level=\"1\"><span data-contrast=\"auto\">La Masterclass sera donn\u00e9e en anglais.<\/span><span data-ccp-props=\"{\"134233117\":false,\"134233118\":false,\"201341983\":0,\"335551550\":1,\"335551620\":1,\"335559685\":720,\"335559737\":0,\"335559738\":0,\"335559739\":160,\"335559740\":259,\"335559991\":360}\"> <\/span><\/li><\/ul><ul><li data-leveltext=\"\uf0b7\" data-font=\"Symbol\" data-listid=\"1\" data-list-defn-props=\"{\"335552541\":1,\"335559683\":0,\"335559684\":-2,\"335559685\":720,\"335559991\":360,\"469769226\":\"Symbol\",\"469769242\":[8226],\"469777803\":\"left\",\"469777804\":\"\uf0b7\",\"469777815\":\"hybridMultilevel\"}\" aria-setsize=\"-1\" data-aria-posinset=\"2\" data-aria-level=\"1\"><span data-contrast=\"auto\">D\u00e9but de la Masterclass : \u00e0 15h pr\u00e9cises<\/span> <strong>merci d&rsquo;arriver au minimum 15 minutes \u00e0 l&rsquo;avance <\/strong><\/li><\/ul><ul><li data-leveltext=\"\uf0b7\" data-font=\"Symbol\" data-listid=\"1\" data-list-defn-props=\"{\"335552541\":1,\"335559683\":0,\"335559684\":-2,\"335559685\":720,\"335559991\":360,\"469769226\":\"Symbol\",\"469769242\":[8226],\"469777803\":\"left\",\"469777804\":\"\uf0b7\",\"469777815\":\"hybridMultilevel\"}\" aria-setsize=\"-1\" data-aria-posinset=\"3\" data-aria-level=\"1\"><span data-contrast=\"auto\">Deuren gaan open om 14.30.<\/span><\/li><\/ul><ul><li aria-setsize=\"-1\" data-leveltext=\"\uf0b7\" data-font=\"Symbol\" data-listid=\"7\" data-list-defn-props=\"{\"335552541\":1,\"335559685\":720,\"335559991\":360,\"469769226\":\"Symbol\",\"469769242\":[8226],\"469777803\":\"left\",\"469777804\":\"\uf0b7\",\"469777815\":\"multilevel\"}\" data-aria-posinset=\"1\" data-aria-level=\"1\"><span data-contrast=\"auto\">Nous vous recommandons d\u2019utiliser autant que possible les transports en commun. Le Marriott Hotel Grand Place est facilement accessible en train et en m\u00e9tro (gare de Bruxelles Centrale, m\u00e9tro Bourse). <br>Si vous souhaitez tout de m\u00eame venir en voiture, nous vous conseillons les parkings suivants : Parking Brucity (5 minutes \u00e0 pied) et Interparking Brussels \u2013 Parking De Brouck\u00e8re (7 minutes \u00e0 pied).  <\/span><\/li><\/ul>\t\t\t\t\t\t\t\t<\/div>\n\t\t\t\t<\/div>\n\t\t\t\t<div class=\"elementor-element elementor-element-dbaf929 elementor-align-center elementor-hidden-mobile elementor-widget elementor-widget-button\" data-id=\"dbaf929\" data-element_type=\"widget\" data-e-type=\"widget\" data-widget_type=\"button.default\">\n\t\t\t\t<div class=\"elementor-widget-container\">\n\t\t\t\t\t\t\t\t\t<div class=\"elementor-button-wrapper\">\n\t\t\t\t\t<a class=\"elementor-button elementor-button-link elementor-size-sm\" href=\"#order\">\n\t\t\t\t\t\t<span class=\"elementor-button-content-wrapper\">\n\t\t\t\t\t\t\t\t\t<span class=\"elementor-button-text\">R\u00c9SERVEZ VOTRE PLACE<\/span>\n\t\t\t\t\t<\/span>\n\t\t\t\t\t<\/a>\n\t\t\t\t<\/div>\n\t\t\t\t\t\t\t\t<\/div>\n\t\t\t\t<\/div>\n\t\t\t\t<\/div>\n\t\t<div class=\"elementor-element elementor-element-885c174 e-con-full elementor-hidden-mobile e-flex e-con e-child\" data-id=\"885c174\" data-element_type=\"container\" data-e-type=\"container\" data-settings=\"{&quot;background_background&quot;:&quot;classic&quot;,&quot;jet_parallax_layout_list&quot;:[]}\">\n\t\t\t\t<\/div>\n\t\t\t\t<\/div>\n\t\t\t\t<\/div>\n\t\t","protected":false},"excerpt":{"rendered":"<p style=\"text-align: center;\">Venez vivre l&rsquo;exp\u00e9rience RIEDEL Wine Glass \u00e0 Bruxelles avec Maximilian J. Riedel !<br \/>\nD\u00e9couvrez comment le bon verre transforme l&rsquo;exp\u00e9rience du vin. Tasting set inclus ! <\/p>\n","protected":false},"featured_media":5809,"template":"","meta":{"_angie_page":false,"_jet_sm_ready_style":"","_jet_sm_style":"","_jet_sm_controls_values":"","_jet_sm_fonts_collection":"","_jet_sm_fonts_links":""},"product_brand":[],"product_cat":[54,56],"product_tag":[],"class_list":{"0":"post-2561","1":"product","2":"type-product","3":"status-publish","4":"has-post-thumbnail","6":"product_cat-b2b-fr-2","7":"product_cat-event-fr-2","9":"first","10":"instock","11":"sale","12":"taxable","13":"shipping-taxable","14":"purchasable","15":"product-type-simple"},"_links":{"self":[{"href":"https:\/\/events.lewine.be\/fr\/wp-json\/wp\/v2\/product\/2561","targetHints":{"allow":["GET"]}}],"collection":[{"href":"https:\/\/events.lewine.be\/fr\/wp-json\/wp\/v2\/product"}],"about":[{"href":"https:\/\/events.lewine.be\/fr\/wp-json\/wp\/v2\/types\/product"}],"version-history":[{"count":41,"href":"https:\/\/events.lewine.be\/fr\/wp-json\/wp\/v2\/product\/2561\/revisions"}],"predecessor-version":[{"id":5807,"href":"https:\/\/events.lewine.be\/fr\/wp-json\/wp\/v2\/product\/2561\/revisions\/5807"}],"wp:featuredmedia":[{"embeddable":true,"href":"https:\/\/events.lewine.be\/fr\/wp-json\/wp\/v2\/media\/5809"}],"wp:attachment":[{"href":"https:\/\/events.lewine.be\/fr\/wp-json\/wp\/v2\/media?parent=2561"}],"wp:term":[{"taxonomy":"product_brand","embeddable":true,"href":"https:\/\/events.lewine.be\/fr\/wp-json\/wp\/v2\/product_brand?post=2561"},{"taxonomy":"product_cat","embeddable":true,"href":"https:\/\/events.lewine.be\/fr\/wp-json\/wp\/v2\/product_cat?post=2561"},{"taxonomy":"product_tag","embeddable":true,"href":"https:\/\/events.lewine.be\/fr\/wp-json\/wp\/v2\/product_tag?post=2561"}],"curies":[{"name":"wp","href":"https:\/\/api.w.org\/{rel}","templated":true}]}}